{"id":174,"date":"2021-02-06T10:00:29","date_gmt":"2021-02-06T10:00:29","guid":{"rendered":"http:\/\/nutbush-music.de\/?page_id=174"},"modified":"2022-06-05T17:42:30","modified_gmt":"2022-06-05T17:42:30","slug":"schnulzenreiter","status":"publish","type":"page","link":"https:\/\/nutbush-music.de\/?page_id=174","title":{"rendered":"Schnulzenreiter_Ralf_Bayer"},"content":{"rendered":"\n<h2>Wir sind umgezogen!<\/h2>\n\n\n\n<p>Unter <a href=\"https:\\\\www.schnulzenreiter.de\" target=\"_blank\" rel=\"noreferrer noopener\">https:\\\\www.schnulzenreiter.de<\/a> findest du alle aktuellen informationen zu den Schnulzenreitern.<\/p>\n\n\n\n<figure class=\"wp-container-2 wp-block-gallery-1 wp-block-gallery aligncenter columns-2 is-cropped\"><ul class=\"blocks-gallery-grid\"><li class=\"blocks-gallery-item\"><figure><img src=\"https:\/\/nutbush-music.de\/wp-content\/uploads\/2021\/02\/IMG_7454-3-710x1024.jpg\" alt=\"\" data-id=\"187\" class=\"wp-image-187\"\/><figcaption class=\"blocks-gallery-item__caption\">Ralf Bayer <\/figcaption><\/figure><\/li><li class=\"blocks-gallery-item\"><figure><img loading=\"lazy\" width=\"2362\" height=\"2560\" src=\"https:\/\/nutbush-music.de\/wp-content\/uploads\/2021\/02\/IMG_1993bearbeitet-scaled.jpg\" alt=\"\" data-id=\"188\" data-full-url=\"https:\/\/nutbush-music.de\/wp-content\/uploads\/2021\/02\/IMG_1993bearbeitet-scaled.jpg\" data-link=\"https:\/\/nutbush-music.de\/?attachment_id=188\" class=\"wp-image-188\" srcset=\"https:\/\/nutbush-music.de\/wp-content\/uploads\/2021\/02\/IMG_1993bearbeitet-scaled.jpg 2362w, https:\/\/nutbush-music.de\/wp-content\/uploads\/2021\/02\/IMG_1993bearbeitet-277x300.jpg 277w, https:\/\/nutbush-music.de\/wp-content\/uploads\/2021\/02\/IMG_1993bearbeitet-768x832.jpg 768w, https:\/\/nutbush-music.de\/wp-content\/uploads\/2021\/02\/IMG_1993bearbeitet-1417x1536.jpg 1417w, https:\/\/nutbush-music.de\/wp-content\/uploads\/2021\/02\/IMG_1993bearbeitet-1890x2048.jpg 1890w\" sizes=\"(max-width: 2362px) 100vw, 2362px\" \/><figcaption class=\"blocks-gallery-item__caption\">Instrumente<\/figcaption><\/figure><\/li><\/ul><\/figure>\n\n\n\n<p>Die Schnulzenreiter sind ein Trio um den S\u00e4nger und Gitarristen Ralf Bayer. Wir spielen pr\u00e4sente aber nicht aufdringliche Musik im balladenhaften Stil. Musik zum Wohlf\u00fchlen und Genie\u00dfen. Musik, die Ihre Veranstaltung unterst\u00fctzt, sich nicht in den Vordergrund dr\u00e4ngt, aber trotzdem pr\u00e4sent ist. &nbsp;Mit Schlagzeug, Bassgitarre, Akustikgitarre und mehrstimmigen Gesang, l\u00e4sst sich das hervorragend umsetzen. &nbsp;Sorgf\u00e4ltig ausgew\u00e4hlte Songs wurden passend f\u00fcr die Schnulzenreiter arrangiert. Mit den erfahrenen Musikern Walter B\u00fcttner und Norbert Eichholz ist das Trio komplett. Ob Tischmusik, Rahmen f\u00fcr Ihre Pr\u00e4sentation oder Live-Act f\u00fcr ihre Veranstaltung. Die Schnulzenreiter bieten dezente, bekannte Songs f\u00fcr jede Gelegenheit.<\/p>\n\n\n\n<h2>Das schreibt die Presse<\/h2>\n\n\n\n<figure class=\"wp-block-image size-large is-resized\"><img loading=\"lazy\" src=\"https:\/\/nutbush-music.de\/wp-content\/uploads\/2021\/08\/Wolfsburger-Allgemeine-Zeitung-02.08.202114-2-1024x954.jpg\" alt=\"Das schreibt die Presse.\n\" class=\"wp-image-219\" width=\"843\" height=\"785\" srcset=\"https:\/\/nutbush-music.de\/wp-content\/uploads\/2021\/08\/Wolfsburger-Allgemeine-Zeitung-02.08.202114-2-1024x954.jpg 1024w, https:\/\/nutbush-music.de\/wp-content\/uploads\/2021\/08\/Wolfsburger-Allgemeine-Zeitung-02.08.202114-2-300x280.jpg 300w, https:\/\/nutbush-music.de\/wp-content\/uploads\/2021\/08\/Wolfsburger-Allgemeine-Zeitung-02.08.202114-2-768x716.jpg 768w, https:\/\/nutbush-music.de\/wp-content\/uploads\/2021\/08\/Wolfsburger-Allgemeine-Zeitung-02.08.202114-2-1536x1431.jpg 1536w, https:\/\/nutbush-music.de\/wp-content\/uploads\/2021\/08\/Wolfsburger-Allgemeine-Zeitung-02.08.202114-2.jpg 1719w\" sizes=\"(max-width: 843px) 100vw, 843px\" \/><\/figure>\n\n\n\n<figure class=\"wp-block-embed is-type-video is-provider-youtube wp-block-embed-youtube wp-embed-aspect-16-9 wp-has-aspect-ratio\"><div class=\"wp-block-embed__wrapper\">\n<iframe loading=\"lazy\" title=\"Schnulzenreiter, Schnulzen, Am Fenster, Tiefer, Baker Street, If Tomorrow Never Come, Circle Of Life\" width=\"640\" height=\"360\" src=\"https:\/\/www.youtube.com\/embed\/ZoJy13ILM-s?feature=oembed\" frameborder=\"0\" allow=\"accelerometer; autoplay; clipboard-write; encrypted-media; gyroscope; picture-in-picture\" allowfullscreen><\/iframe>\n<\/div><\/figure>\n\n\n\n<p>Die L\u00f6sung f\u00fcr Veranstaltungen jedweder Art, wenn ein pr\u00e4senter Live-Act gesucht wird, der die Atmosph\u00e4re Ihrer Veranstaltung unterstreicht.<\/p>\n\n\n\n<p>Besonders geeignet f\u00fcr Firmenfeiern, Matinees, Pr\u00e4sentationen, Messen, Familienfeiern, Weinfeste oder als Entree&#8230;..<\/p>\n\n\n\n<p>Besetzung:<\/p>\n\n\n\n<p>Gitarre, &nbsp;&nbsp;Bassgitarre, &nbsp;&nbsp;&nbsp;Schlagzeug, &nbsp;Gesang&nbsp;&nbsp;&nbsp;<\/p>\n\n\n\n<p>Technik: Elektro Voice ca. 2 KW, &nbsp;&nbsp;&nbsp;&nbsp;Looper , Vocoder<\/p>\n\n\n\n<h2 style=\"font-size:40px\">Kontakt:<\/h2>\n\n\n\n<p style=\"font-size:45px\"><strong>schnulzenreiter@gmx.de<\/strong><\/p>\n","protected":false},"excerpt":{"rendered":"<p>Wir sind umgezogen! Unter https:\\\\www.schnulzenreiter.de findest du alle aktuellen informationen zu den Schnulzenreitern. Die Schnulzenreiter sind ein Trio um den S\u00e4nger und Gitarristen Ralf Bayer. Wir spielen pr\u00e4sente aber nicht aufdringliche Musik im balladenhaften Stil&#8230;.<\/p>\n","protected":false},"author":1,"featured_media":0,"parent":0,"menu_order":0,"comment_status":"closed","ping_status":"closed","template":"","meta":[],"_links":{"self":[{"href":"https:\/\/nutbush-music.de\/index.php?rest_route=\/wp\/v2\/pages\/174"}],"collection":[{"href":"https:\/\/nutbush-music.de\/index.php?rest_route=\/wp\/v2\/pages"}],"about":[{"href":"https:\/\/nutbush-music.de\/index.php?rest_route=\/wp\/v2\/types\/page"}],"author":[{"embeddable":true,"href":"https:\/\/nutbush-music.de\/index.php?rest_route=\/wp\/v2\/users\/1"}],"replies":[{"embeddable":true,"href":"https:\/\/nutbush-music.de\/index.php?rest_route=%2Fwp%2Fv2%2Fcomments&post=174"}],"version-history":[{"count":14,"href":"https:\/\/nutbush-music.de\/index.php?rest_route=\/wp\/v2\/pages\/174\/revisions"}],"predecessor-version":[{"id":225,"href":"https:\/\/nutbush-music.de\/index.php?rest_route=\/wp\/v2\/pages\/174\/revisions\/225"}],"wp:attachment":[{"href":"https:\/\/nutbush-music.de\/index.php?rest_route=%2Fwp%2Fv2%2Fmedia&parent=174"}],"curies":[{"name":"wp","href":"https:\/\/api.w.org\/{rel}","templated":true}]}}